{"id":767,"date":"2024-08-22T10:00:01","date_gmt":"2024-08-22T08:00:01","guid":{"rendered":"https:\/\/sagomrubber.saggroup.com\/?page_id=767"},"modified":"2024-08-22T10:00:01","modified_gmt":"2024-08-22T08:00:01","slug":"mog-231","status":"publish","type":"page","link":"https:\/\/sagomrubber.saggroup.com\/en\/mog-231\/","title":{"rendered":"Mog 231"},"content":{"rendered":"<p>MOG 231 SAGOM RUBBER<br \/>\nSAGOM RUBBER s.r.l. ha approvato l\u2019adozione del \u201cModello di Organizzazione, Gestione e Controllo\u201d (di seguito \u201cModello\u201d) ai sensi del d.lgs. n. 231 del 2001 (di seguito \u201cDecreto\u201d), in materia di responsabilit\u00e0 amministrativa delle Societ\u00e0 e degli Enti.<\/p>\n<p>Il Modello contiene una serie di principi comportamentali e di protocolli aziendali volti alla prevenzione del compimento dei reati presupposto della responsabilit\u00e0 delle persone giuridiche previsti dal Decreto.<\/p>\n<p>La Societ\u00e0, all\u2019interno del Modello, ha adottato, inoltre, il Codice Etico, un documento che definisce l\u2019insieme dei valori e dei principi etici che la stessa riconosce, accetta e condivide ed a cui l\u2019operato di SAGOM RUBBER s.r.l. si ispira.<\/p>\n<p>\u00c8 interesse primario della Societ\u00e0 che anche tutti i partners della stessa svolgano la propria attivit\u00e0 nel rispetto dei principi e dei valori contenuti nel Modello e nel Codice Etico.<\/p>\n<p>L\u2019eventuale commissione da parte di Clienti e Fornitori dei reati contemplati dal Decreto verrebbe considerata dalla Societ\u00e0 come un importante inadempimento degli obblighi contrattuali e, conseguentemente, legittimerebbe SAGOM RUBBER s.r.l. a procedere alla risoluzione di diritto del rapporto contrattuale in essere.<\/p>\n<p>Pertanto, Vi invitiamo a prendere visione della \u201cParte Generale\u201d del Modello e del Codice Etico che la societ\u00e0 ha provveduto a pubblicare sulla presente pagina.<\/p>\n<p>La Societ\u00e0, inoltre, ha nominato un Organismo di Vigilanza (di seguito \u201cOdV\u201d), che ha il compito di verificare, in modo costante e puntuale, l\u2019adempimento delle previsioni contenute all\u2019interno dei sopra citati documenti.<\/p>\n<p>Per facilitare l\u2019azione di vigilanza dell\u2019OdV, \u00e8 stato attivato il seguente indirizzo di posta elettronica sagomrubber.odv@saggroup.com attraverso il quale \u00e8 possibile far pervenire allo stesso OdV informazioni, notizie e segnalazioni aventi ad oggetto possibili violazioni del Modello e del Codice Etico.<\/p>\n<p>PARTE SPECIALE B &#8211; SISTEMA SANZIONATORIO<br \/>\nPROCEDURA DI SEGNALAZIONE<br \/>\nPARTE GENERALE &#8211; MODELLO D.LGS. N. 231 DEL 2001 VERSIONE INTERNET<br \/>\nPARTE SPECIALE A &#8211; CODICE ETICO<\/p>\n","protected":false},"excerpt":{"rendered":"<p>MOG 231 SAGOM RUBBER SAGOM RUBBER s.r.l. ha approvato l\u2019adozione del \u201cModello di Organizzazione, Gestione e Controllo\u201d (di seguito \u201cModello\u201d) ai sensi del d.lgs. n. 231 del 2001 (di seguito \u201cDecreto\u201d), in materia di responsabilit\u00e0 amministrativa delle Societ\u00e0 e degli Enti. Il Modello contiene una&#8230;<\/p>\n","protected":false},"author":4,"featured_media":0,"parent":0,"menu_order":0,"comment_status":"closed","ping_status":"closed","template":"","meta":{"inline_featured_image":false,"footnotes":""},"class_list":["post-767","page","type-page","status-publish","hentry"],"yoast_head":"<!-- This site is optimized with the Yoast SEO plugin v23.6 - https:\/\/yoast.com\/wordpress\/plugins\/seo\/ -->\n<title>Sagom Rubber tubi lavorati per il settore automotive<\/title>\n<meta name=\"description\" content=\"Sagom Rubber, parte di Sag Group, \u00e8 specializzata nella produzione di tubazioni in gomma ad alte prestazioni per innumerevoli settori. Offre soluzioni personalizzate grazie a un servizio di co-design e a moderne tecnologie di produzione. Con un focus su qualit\u00e0 e innovazione, Sagom Rubber \u00e8 il partner ideale per soddisfare le esigenze specifiche dei clienti.\" \/>\n<meta name=\"robots\" content=\"index, follow, max-snippet:-1, max-image-preview:large, max-video-preview:-1\" \/>\n<link rel=\"canonical\" href=\"https:\/\/sagomrubber.saggroup.com\/en\/mog-231\/\" \/>\n<meta property=\"og:locale\" content=\"en_US\" \/>\n<meta property=\"og:type\" content=\"article\" \/>\n<meta property=\"og:title\" content=\"Sagom Rubber tubi lavorati per il settore automotive\" \/>\n<meta property=\"og:description\" content=\"Sagom Rubber, parte di Sag Group, \u00e8 specializzata nella produzione di tubazioni in gomma ad alte prestazioni per innumerevoli settori. Offre soluzioni personalizzate grazie a un servizio di co-design e a moderne tecnologie di produzione. Con un focus su qualit\u00e0 e innovazione, Sagom Rubber \u00e8 il partner ideale per soddisfare le esigenze specifiche dei clienti.\" \/>\n<meta property=\"og:url\" content=\"https:\/\/sagomrubber.saggroup.com\/en\/mog-231\/\" \/>\n<meta property=\"og:site_name\" content=\"Sagom Rubber\" \/>\n<meta name=\"twitter:card\" content=\"summary_large_image\" \/>\n<meta name=\"twitter:label1\" content=\"Est. reading time\" \/>\n\t<meta name=\"twitter:data1\" content=\"2 minutes\" \/>\n<script type=\"application\/ld+json\" class=\"yoast-schema-graph\">{\"@context\":\"https:\/\/schema.org\",\"@graph\":[{\"@type\":\"WebPage\",\"@id\":\"https:\/\/sagomrubber.saggroup.com\/en\/mog-231\/\",\"url\":\"https:\/\/sagomrubber.saggroup.com\/en\/mog-231\/\",\"name\":\"Sagom Rubber tubi lavorati per il settore automotive\",\"isPartOf\":{\"@id\":\"https:\/\/sagomrubber.saggroup.com\/#website\"},\"datePublished\":\"2024-08-22T08:00:01+00:00\",\"dateModified\":\"2024-08-22T08:00:01+00:00\",\"description\":\"Sagom Rubber, parte di Sag Group, \u00e8 specializzata nella produzione di tubazioni in gomma ad alte prestazioni per innumerevoli settori. Offre soluzioni personalizzate grazie a un servizio di co-design e a moderne tecnologie di produzione. Con un focus su qualit\u00e0 e innovazione, Sagom Rubber \u00e8 il partner ideale per soddisfare le esigenze specifiche dei clienti.\",\"breadcrumb\":{\"@id\":\"https:\/\/sagomrubber.saggroup.com\/en\/mog-231\/#breadcrumb\"},\"inLanguage\":\"en-US\",\"potentialAction\":[{\"@type\":\"ReadAction\",\"target\":[\"https:\/\/sagomrubber.saggroup.com\/en\/mog-231\/\"]}]},{\"@type\":\"BreadcrumbList\",\"@id\":\"https:\/\/sagomrubber.saggroup.com\/en\/mog-231\/#breadcrumb\",\"itemListElement\":[{\"@type\":\"ListItem\",\"position\":1,\"name\":\"Home\",\"item\":\"https:\/\/sagomrubber.saggroup.com\/en\/\"},{\"@type\":\"ListItem\",\"position\":2,\"name\":\"Mog 231\"}]},{\"@type\":\"WebSite\",\"@id\":\"https:\/\/sagomrubber.saggroup.com\/#website\",\"url\":\"https:\/\/sagomrubber.saggroup.com\/\",\"name\":\"Sagom Rubber\",\"description\":\"\",\"potentialAction\":[{\"@type\":\"SearchAction\",\"target\":{\"@type\":\"EntryPoint\",\"urlTemplate\":\"https:\/\/sagomrubber.saggroup.com\/?s={search_term_string}\"},\"query-input\":{\"@type\":\"PropertyValueSpecification\",\"valueRequired\":true,\"valueName\":\"search_term_string\"}}],\"inLanguage\":\"en-US\"}]}<\/script>\n<!-- \/ Yoast SEO plugin. -->","yoast_head_json":{"title":"Sagom Rubber tubi lavorati per il settore automotive","description":"Sagom Rubber, parte di Sag Group, \u00e8 specializzata nella produzione di tubazioni in gomma ad alte prestazioni per innumerevoli settori. Offre soluzioni personalizzate grazie a un servizio di co-design e a moderne tecnologie di produzione. Con un focus su qualit\u00e0 e innovazione, Sagom Rubber \u00e8 il partner ideale per soddisfare le esigenze specifiche dei clienti.","robots":{"index":"index","follow":"follow","max-snippet":"max-snippet:-1","max-image-preview":"max-image-preview:large","max-video-preview":"max-video-preview:-1"},"canonical":"https:\/\/sagomrubber.saggroup.com\/en\/mog-231\/","og_locale":"en_US","og_type":"article","og_title":"Sagom Rubber tubi lavorati per il settore automotive","og_description":"Sagom Rubber, parte di Sag Group, \u00e8 specializzata nella produzione di tubazioni in gomma ad alte prestazioni per innumerevoli settori. Offre soluzioni personalizzate grazie a un servizio di co-design e a moderne tecnologie di produzione. Con un focus su qualit\u00e0 e innovazione, Sagom Rubber \u00e8 il partner ideale per soddisfare le esigenze specifiche dei clienti.","og_url":"https:\/\/sagomrubber.saggroup.com\/en\/mog-231\/","og_site_name":"Sagom Rubber","twitter_card":"summary_large_image","twitter_misc":{"Est. reading time":"2 minutes"},"schema":{"@context":"https:\/\/schema.org","@graph":[{"@type":"WebPage","@id":"https:\/\/sagomrubber.saggroup.com\/en\/mog-231\/","url":"https:\/\/sagomrubber.saggroup.com\/en\/mog-231\/","name":"Sagom Rubber tubi lavorati per il settore automotive","isPartOf":{"@id":"https:\/\/sagomrubber.saggroup.com\/#website"},"datePublished":"2024-08-22T08:00:01+00:00","dateModified":"2024-08-22T08:00:01+00:00","description":"Sagom Rubber, parte di Sag Group, \u00e8 specializzata nella produzione di tubazioni in gomma ad alte prestazioni per innumerevoli settori. Offre soluzioni personalizzate grazie a un servizio di co-design e a moderne tecnologie di produzione. Con un focus su qualit\u00e0 e innovazione, Sagom Rubber \u00e8 il partner ideale per soddisfare le esigenze specifiche dei clienti.","breadcrumb":{"@id":"https:\/\/sagomrubber.saggroup.com\/en\/mog-231\/#breadcrumb"},"inLanguage":"en-US","potentialAction":[{"@type":"ReadAction","target":["https:\/\/sagomrubber.saggroup.com\/en\/mog-231\/"]}]},{"@type":"BreadcrumbList","@id":"https:\/\/sagomrubber.saggroup.com\/en\/mog-231\/#breadcrumb","itemListElement":[{"@type":"ListItem","position":1,"name":"Home","item":"https:\/\/sagomrubber.saggroup.com\/en\/"},{"@type":"ListItem","position":2,"name":"Mog 231"}]},{"@type":"WebSite","@id":"https:\/\/sagomrubber.saggroup.com\/#website","url":"https:\/\/sagomrubber.saggroup.com\/","name":"Sagom Rubber","description":"","potentialAction":[{"@type":"SearchAction","target":{"@type":"EntryPoint","urlTemplate":"https:\/\/sagomrubber.saggroup.com\/?s={search_term_string}"},"query-input":{"@type":"PropertyValueSpecification","valueRequired":true,"valueName":"search_term_string"}}],"inLanguage":"en-US"}]}},"rttpg_featured_image_url":null,"rttpg_author":{"display_name":"antonio","author_link":"https:\/\/sagomrubber.saggroup.com\/en\/author\/antonio\/"},"rttpg_comment":0,"rttpg_category":" <a href=\"https:\/\/sagomrubber.saggroup.com\/en\/?taxonomy=translation_priority&#038;term=opzionale-en\" rel=\"tag\">Opzionale<\/a>","rttpg_excerpt":"MOG 231 SAGOM RUBBER SAGOM RUBBER s.r.l. ha approvato l\u2019adozione del \u201cModello di Organizzazione, Gestione e Controllo\u201d (di seguito \u201cModello\u201d) ai sensi del d.lgs. n. 231 del 2001 (di seguito \u201cDecreto\u201d), in materia di responsabilit\u00e0 amministrativa delle Societ\u00e0 e degli Enti. Il Modello contiene una...","_links":{"self":[{"href":"https:\/\/sagomrubber.saggroup.com\/en\/wp-json\/wp\/v2\/pages\/767"}],"collection":[{"href":"https:\/\/sagomrubber.saggroup.com\/en\/wp-json\/wp\/v2\/pages"}],"about":[{"href":"https:\/\/sagomrubber.saggroup.com\/en\/wp-json\/wp\/v2\/types\/page"}],"author":[{"embeddable":true,"href":"https:\/\/sagomrubber.saggroup.com\/en\/wp-json\/wp\/v2\/users\/4"}],"replies":[{"embeddable":true,"href":"https:\/\/sagomrubber.saggroup.com\/en\/wp-json\/wp\/v2\/comments?post=767"}],"version-history":[{"count":1,"href":"https:\/\/sagomrubber.saggroup.com\/en\/wp-json\/wp\/v2\/pages\/767\/revisions"}],"predecessor-version":[{"id":768,"href":"https:\/\/sagomrubber.saggroup.com\/en\/wp-json\/wp\/v2\/pages\/767\/revisions\/768"}],"wp:attachment":[{"href":"https:\/\/sagomrubber.saggroup.com\/en\/wp-json\/wp\/v2\/media?parent=767"}],"curies":[{"name":"wp","href":"https:\/\/api.w.org\/{rel}","templated":true}]}}